{"id":498,"date":"2015-02-25T04:12:57","date_gmt":"2015-02-25T04:12:57","guid":{"rendered":"https:\/\/correiosulgoiano.com.br\/?page_id=498"},"modified":"2016-12-29T22:03:53","modified_gmt":"2016-12-30T00:03:53","slug":"jornal-impresso","status":"publish","type":"page","link":"https:\/\/correiosulgoiano.com.br\/?page_id=498","title":{"rendered":"Jornal Impresso"},"content":{"rendered":"<div id=\"attachment_9371\" style=\"width: 2138px\" class=\"wp-caption alignnone\"><a href=\"https:\/\/correiosulgoiano.com.br\/wp-content\/uploads\/2015\/02\/CORREIO-EDI\u00c7\u00c3O-36-P\u00c1G-01-CAPA.jpg\"><img aria-describedby=\"caption-attachment-9371\" loading=\"lazy\" class=\"size-full wp-image-9371\" src=\"https:\/\/correiosulgoiano.com.br\/wp-content\/uploads\/2015\/02\/CORREIO-EDI\u00c7\u00c3O-36-P\u00c1G-01-CAPA.jpg\" alt=\"Edi\u00e7\u00e3o n\u00ba 036 - Capa\" width=\"2128\" height=\"3165\" srcset=\"https:\/\/correiosulgoiano.com.br\/wp-content\/uploads\/2015\/02\/CORREIO-EDI\u00c7\u00c3O-36-P\u00c1G-01-CAPA.jpg 2128w, https:\/\/correiosulgoiano.com.br\/wp-content\/uploads\/2015\/02\/CORREIO-EDI\u00c7\u00c3O-36-P\u00c1G-01-CAPA-202x300.jpg 202w, https:\/\/correiosulgoiano.com.br\/wp-content\/uploads\/2015\/02\/CORREIO-EDI\u00c7\u00c3O-36-P\u00c1G-01-CAPA-688x1024.jpg 688w\" sizes=\"(max-width: 2128px) 100vw, 2128px\" \/><\/a><p id=\"caption-attachment-9371\" class=\"wp-caption-text\">Edi\u00e7\u00e3o n\u00ba 036 &#8211; Capa<\/p><\/div>\n<div id=\"attachment_9372\" style=\"width: 2137px\" class=\"wp-caption alignnone\"><a href=\"https:\/\/correiosulgoiano.com.br\/wp-content\/uploads\/2015\/02\/CORREIO-EDI\u00c7\u00c3O-36-P\u00c1G-02.jpg\"><img aria-describedby=\"caption-attachment-9372\" loading=\"lazy\" class=\"size-full wp-image-9372\" src=\"https:\/\/correiosulgoiano.com.br\/wp-content\/uploads\/2015\/02\/CORREIO-EDI\u00c7\u00c3O-36-P\u00c1G-02.jpg\" alt=\"Edi\u00e7\u00e3o n\u00ba 036 - P\u00e1gina 02\" width=\"2127\" height=\"3158\" srcset=\"https:\/\/correiosulgoiano.com.br\/wp-content\/uploads\/2015\/02\/CORREIO-EDI\u00c7\u00c3O-36-P\u00c1G-02.jpg 2127w, https:\/\/correiosulgoiano.com.br\/wp-content\/uploads\/2015\/02\/CORREIO-EDI\u00c7\u00c3O-36-P\u00c1G-02-202x300.jpg 202w, https:\/\/correiosulgoiano.com.br\/wp-content\/uploads\/2015\/02\/CORREIO-EDI\u00c7\u00c3O-36-P\u00c1G-02-690x1024.jpg 690w\" sizes=\"(max-width: 2127px) 100vw, 2127px\" \/><\/a><p id=\"caption-attachment-9372\" class=\"wp-caption-text\">Edi\u00e7\u00e3o n\u00ba 036 &#8211; P\u00e1gina 02<\/p><\/div>\n<div id=\"attachment_9373\" style=\"width: 2137px\" class=\"wp-caption alignnone\"><a href=\"https:\/\/correiosulgoiano.com.br\/wp-content\/uploads\/2015\/02\/CORREIO-EDI\u00c7\u00c3O-36-P\u00c1G-03.jpg\"><img aria-describedby=\"caption-attachment-9373\" loading=\"lazy\" class=\"size-full wp-image-9373\" src=\"https:\/\/correiosulgoiano.com.br\/wp-content\/uploads\/2015\/02\/CORREIO-EDI\u00c7\u00c3O-36-P\u00c1G-03.jpg\" alt=\"Edi\u00e7\u00e3o n\u00ba 036 - P\u00e1gina 03\" width=\"2127\" height=\"3157\" srcset=\"https:\/\/correiosulgoiano.com.br\/wp-content\/uploads\/2015\/02\/CORREIO-EDI\u00c7\u00c3O-36-P\u00c1G-03.jpg 2127w, https:\/\/correiosulgoiano.com.br\/wp-content\/uploads\/2015\/02\/CORREIO-EDI\u00c7\u00c3O-36-P\u00c1G-03-202x300.jpg 202w, https:\/\/correiosulgoiano.com.br\/wp-content\/uploads\/2015\/02\/CORREIO-EDI\u00c7\u00c3O-36-P\u00c1G-03-690x1024.jpg 690w\" sizes=\"(max-width: 2127px) 100vw, 2127px\" \/><\/a><p id=\"caption-attachment-9373\" class=\"wp-caption-text\">Edi\u00e7\u00e3o n\u00ba 036 &#8211; P\u00e1gina 03<\/p><\/div>\n<div id=\"attachment_9374\" style=\"width: 2137px\" class=\"wp-caption alignnone\"><a href=\"https:\/\/correiosulgoiano.com.br\/wp-content\/uploads\/2015\/02\/CORREIO-EDI\u00c7\u00c3O-36-P\u00c1G-04.jpg\"><img aria-describedby=\"caption-attachment-9374\" loading=\"lazy\" class=\"size-full wp-image-9374\" src=\"https:\/\/correiosulgoiano.com.br\/wp-content\/uploads\/2015\/02\/CORREIO-EDI\u00c7\u00c3O-36-P\u00c1G-04.jpg\" alt=\"Edi\u00e7\u00e3o n\u00ba 036 - P\u00e1gina 04\" width=\"2127\" height=\"3158\" srcset=\"https:\/\/correiosulgoiano.com.br\/wp-content\/uploads\/2015\/02\/CORREIO-EDI\u00c7\u00c3O-36-P\u00c1G-04.jpg 2127w, https:\/\/correiosulgoiano.com.br\/wp-content\/uploads\/2015\/02\/CORREIO-EDI\u00c7\u00c3O-36-P\u00c1G-04-202x300.jpg 202w, https:\/\/correiosulgoiano.com.br\/wp-content\/uploads\/2015\/02\/CORREIO-EDI\u00c7\u00c3O-36-P\u00c1G-04-690x1024.jpg 690w\" sizes=\"(max-width: 2127px) 100vw, 2127px\" \/><\/a><p id=\"caption-attachment-9374\" class=\"wp-caption-text\">Edi\u00e7\u00e3o n\u00ba 036 &#8211; P\u00e1gina 04<\/p><\/div>\n<div id=\"attachment_9375\" style=\"width: 2137px\" class=\"wp-caption alignnone\"><a href=\"https:\/\/correiosulgoiano.com.br\/wp-content\/uploads\/2015\/02\/CORREIO-EDI\u00c7\u00c3O-36-P\u00c1G-05.jpg\"><img aria-describedby=\"caption-attachment-9375\" loading=\"lazy\" class=\"size-full wp-image-9375\" src=\"https:\/\/correiosulgoiano.com.br\/wp-content\/uploads\/2015\/02\/CORREIO-EDI\u00c7\u00c3O-36-P\u00c1G-05.jpg\" alt=\"Edi\u00e7\u00e3o n\u00ba 036 - P\u00e1gina 05\" width=\"2127\" height=\"3157\" srcset=\"https:\/\/correiosulgoiano.com.br\/wp-content\/uploads\/2015\/02\/CORREIO-EDI\u00c7\u00c3O-36-P\u00c1G-05.jpg 2127w, https:\/\/correiosulgoiano.com.br\/wp-content\/uploads\/2015\/02\/CORREIO-EDI\u00c7\u00c3O-36-P\u00c1G-05-202x300.jpg 202w, https:\/\/correiosulgoiano.com.br\/wp-content\/uploads\/2015\/02\/CORREIO-EDI\u00c7\u00c3O-36-P\u00c1G-05-690x1024.jpg 690w\" sizes=\"(max-width: 2127px) 100vw, 2127px\" \/><\/a><p id=\"caption-attachment-9375\" class=\"wp-caption-text\">Edi\u00e7\u00e3o n\u00ba 036 &#8211; P\u00e1gina 05<\/p><\/div>\n<div id=\"attachment_9376\" style=\"width: 1605px\" class=\"wp-caption alignnone\"><a href=\"https:\/\/correiosulgoiano.com.br\/wp-content\/uploads\/2015\/02\/CORREIO-EDI\u00c7\u00c3O-36-P\u00c1G-06.jpg\"><img aria-describedby=\"caption-attachment-9376\" loading=\"lazy\" class=\"size-full wp-image-9376\" src=\"https:\/\/correiosulgoiano.com.br\/wp-content\/uploads\/2015\/02\/CORREIO-EDI\u00c7\u00c3O-36-P\u00c1G-06.jpg\" alt=\"Edi\u00e7\u00e3o n\u00ba 036 - P\u00e1gina 06\" width=\"1595\" height=\"2368\" srcset=\"https:\/\/correiosulgoiano.com.br\/wp-content\/uploads\/2015\/02\/CORREIO-EDI\u00c7\u00c3O-36-P\u00c1G-06.jpg 1595w, https:\/\/correiosulgoiano.com.br\/wp-content\/uploads\/2015\/02\/CORREIO-EDI\u00c7\u00c3O-36-P\u00c1G-06-202x300.jpg 202w, https:\/\/correiosulgoiano.com.br\/wp-content\/uploads\/2015\/02\/CORREIO-EDI\u00c7\u00c3O-36-P\u00c1G-06-690x1024.jpg 690w\" sizes=\"(max-width: 1595px) 100vw, 1595px\" \/><\/a><p id=\"caption-attachment-9376\" class=\"wp-caption-text\">Edi\u00e7\u00e3o n\u00ba 036 &#8211; P\u00e1gina 06<\/p><\/div>\n<div id=\"attachment_9377\" style=\"width: 2137px\" class=\"wp-caption alignnone\"><a href=\"https:\/\/correiosulgoiano.com.br\/wp-content\/uploads\/2015\/02\/CORREIO-EDI\u00c7\u00c3O-36-P\u00c1G-07.jpg\"><img aria-describedby=\"caption-attachment-9377\" loading=\"lazy\" class=\"size-full wp-image-9377\" src=\"https:\/\/correiosulgoiano.com.br\/wp-content\/uploads\/2015\/02\/CORREIO-EDI\u00c7\u00c3O-36-P\u00c1G-07.jpg\" alt=\"Edi\u00e7\u00e3o n\u00ba 036 - P\u00e1gina 07\" width=\"2127\" height=\"3157\" srcset=\"https:\/\/correiosulgoiano.com.br\/wp-content\/uploads\/2015\/02\/CORREIO-EDI\u00c7\u00c3O-36-P\u00c1G-07.jpg 2127w, https:\/\/correiosulgoiano.com.br\/wp-content\/uploads\/2015\/02\/CORREIO-EDI\u00c7\u00c3O-36-P\u00c1G-07-202x300.jpg 202w, https:\/\/correiosulgoiano.com.br\/wp-content\/uploads\/2015\/02\/CORREIO-EDI\u00c7\u00c3O-36-P\u00c1G-07-690x1024.jpg 690w\" sizes=\"(max-width: 2127px) 100vw, 2127px\" \/><\/a><p id=\"caption-attachment-9377\" class=\"wp-caption-text\">Edi\u00e7\u00e3o n\u00ba 036 &#8211; P\u00e1gina 07<\/p><\/div>\n<div id=\"attachment_9378\" style=\"width: 2138px\" class=\"wp-caption alignnone\"><a href=\"https:\/\/correiosulgoiano.com.br\/wp-content\/uploads\/2015\/02\/CORREIO-EDI\u00c7\u00c3O-36-P\u00c1G-08.jpg\"><img aria-describedby=\"caption-attachment-9378\" loading=\"lazy\" class=\"size-full wp-image-9378\" src=\"https:\/\/correiosulgoiano.com.br\/wp-content\/uploads\/2015\/02\/CORREIO-EDI\u00c7\u00c3O-36-P\u00c1G-08.jpg\" alt=\"Edi\u00e7\u00e3o n\u00ba 036 - P\u00e1gina 08\" width=\"2128\" height=\"3158\" srcset=\"https:\/\/correiosulgoiano.com.br\/wp-content\/uploads\/2015\/02\/CORREIO-EDI\u00c7\u00c3O-36-P\u00c1G-08.jpg 2128w, https:\/\/correiosulgoiano.com.br\/wp-content\/uploads\/2015\/02\/CORREIO-EDI\u00c7\u00c3O-36-P\u00c1G-08-202x300.jpg 202w, https:\/\/correiosulgoiano.com.br\/wp-content\/uploads\/2015\/02\/CORREIO-EDI\u00c7\u00c3O-36-P\u00c1G-08-690x1024.jpg 690w\" sizes=\"(max-width: 2128px) 100vw, 2128px\" \/><\/a><p id=\"caption-attachment-9378\" class=\"wp-caption-text\">Edi\u00e7\u00e3o n\u00ba 036 &#8211; P\u00e1gina 08<\/p><\/div>\n<div id=\"attachment_9379\" style=\"width: 2137px\" class=\"wp-caption alignnone\"><a href=\"https:\/\/correiosulgoiano.com.br\/wp-content\/uploads\/2015\/02\/CORREIO-EDI\u00c7\u00c3O-36-P\u00c1G-09.jpg\"><img aria-describedby=\"caption-attachment-9379\" loading=\"lazy\" class=\"size-full wp-image-9379\" src=\"https:\/\/correiosulgoiano.com.br\/wp-content\/uploads\/2015\/02\/CORREIO-EDI\u00c7\u00c3O-36-P\u00c1G-09.jpg\" alt=\"Edi\u00e7\u00e3o n\u00ba 036 - P\u00e1gina 09\" width=\"2127\" height=\"3158\" srcset=\"https:\/\/correiosulgoiano.com.br\/wp-content\/uploads\/2015\/02\/CORREIO-EDI\u00c7\u00c3O-36-P\u00c1G-09.jpg 2127w, https:\/\/correiosulgoiano.com.br\/wp-content\/uploads\/2015\/02\/CORREIO-EDI\u00c7\u00c3O-36-P\u00c1G-09-202x300.jpg 202w, https:\/\/correiosulgoiano.com.br\/wp-content\/uploads\/2015\/02\/CORREIO-EDI\u00c7\u00c3O-36-P\u00c1G-09-690x1024.jpg 690w\" sizes=\"(max-width: 2127px) 100vw, 2127px\" \/><\/a><p id=\"caption-attachment-9379\" class=\"wp-caption-text\">Edi\u00e7\u00e3o n\u00ba 036 &#8211; P\u00e1gina 09<\/p><\/div>\n<div id=\"attachment_9380\" style=\"width: 2137px\" class=\"wp-caption alignnone\"><a href=\"https:\/\/correiosulgoiano.com.br\/wp-content\/uploads\/2015\/02\/CORREIO-EDI\u00c7\u00c3O-36-P\u00c1G-10.jpg\"><img aria-describedby=\"caption-attachment-9380\" loading=\"lazy\" class=\"size-full wp-image-9380\" src=\"https:\/\/correiosulgoiano.com.br\/wp-content\/uploads\/2015\/02\/CORREIO-EDI\u00c7\u00c3O-36-P\u00c1G-10.jpg\" alt=\"Edi\u00e7\u00e3o n\u00ba 036 - P\u00e1gina 10\" width=\"2127\" height=\"3158\" srcset=\"https:\/\/correiosulgoiano.com.br\/wp-content\/uploads\/2015\/02\/CORREIO-EDI\u00c7\u00c3O-36-P\u00c1G-10.jpg 2127w, https:\/\/correiosulgoiano.com.br\/wp-content\/uploads\/2015\/02\/CORREIO-EDI\u00c7\u00c3O-36-P\u00c1G-10-202x300.jpg 202w, https:\/\/correiosulgoiano.com.br\/wp-content\/uploads\/2015\/02\/CORREIO-EDI\u00c7\u00c3O-36-P\u00c1G-10-690x1024.jpg 690w\" sizes=\"(max-width: 2127px) 100vw, 2127px\" \/><\/a><p id=\"caption-attachment-9380\" class=\"wp-caption-text\">Edi\u00e7\u00e3o n\u00ba 036 &#8211; P\u00e1gina 10<\/p><\/div>\n<div id=\"attachment_9381\" style=\"width: 2137px\" class=\"wp-caption alignnone\"><a href=\"https:\/\/correiosulgoiano.com.br\/wp-content\/uploads\/2015\/02\/CORREIO-EDI\u00c7\u00c3O-36-P\u00c1G-11.jpg\"><img aria-describedby=\"caption-attachment-9381\" loading=\"lazy\" class=\"size-full wp-image-9381\" src=\"https:\/\/correiosulgoiano.com.br\/wp-content\/uploads\/2015\/02\/CORREIO-EDI\u00c7\u00c3O-36-P\u00c1G-11.jpg\" alt=\"Edi\u00e7\u00e3o n\u00ba 036 - P\u00e1gina 11\" width=\"2127\" height=\"3160\" srcset=\"https:\/\/correiosulgoiano.com.br\/wp-content\/uploads\/2015\/02\/CORREIO-EDI\u00c7\u00c3O-36-P\u00c1G-11.jpg 2127w, https:\/\/correiosulgoiano.com.br\/wp-content\/uploads\/2015\/02\/CORREIO-EDI\u00c7\u00c3O-36-P\u00c1G-11-202x300.jpg 202w, https:\/\/correiosulgoiano.com.br\/wp-content\/uploads\/2015\/02\/CORREIO-EDI\u00c7\u00c3O-36-P\u00c1G-11-689x1024.jpg 689w\" sizes=\"(max-width: 2127px) 100vw, 2127px\" \/><\/a><p id=\"caption-attachment-9381\" class=\"wp-caption-text\">Edi\u00e7\u00e3o n\u00ba 036 &#8211; P\u00e1gina 11<\/p><\/div>\n<div id=\"attachment_9382\" style=\"width: 2137px\" class=\"wp-caption alignnone\"><a href=\"https:\/\/correiosulgoiano.com.br\/wp-content\/uploads\/2015\/02\/CORREIO-EDI\u00c7\u00c3O-36-P\u00c1G-12.jpg\"><img aria-describedby=\"caption-attachment-9382\" loading=\"lazy\" class=\"size-full wp-image-9382\" src=\"https:\/\/correiosulgoiano.com.br\/wp-content\/uploads\/2015\/02\/CORREIO-EDI\u00c7\u00c3O-36-P\u00c1G-12.jpg\" alt=\"Edi\u00e7\u00e3o n\u00ba 036 - P\u00e1gina 12\" width=\"2127\" height=\"3149\" srcset=\"https:\/\/correiosulgoiano.com.br\/wp-content\/uploads\/2015\/02\/CORREIO-EDI\u00c7\u00c3O-36-P\u00c1G-12.jpg 2127w, https:\/\/correiosulgoiano.com.br\/wp-content\/uploads\/2015\/02\/CORREIO-EDI\u00c7\u00c3O-36-P\u00c1G-12-203x300.jpg 203w, https:\/\/correiosulgoiano.com.br\/wp-content\/uploads\/2015\/02\/CORREIO-EDI\u00c7\u00c3O-36-P\u00c1G-12-692x1024.jpg 692w\" sizes=\"(max-width: 2127px) 100vw, 2127px\" \/><\/a><p id=\"caption-attachment-9382\" class=\"wp-caption-text\">Edi\u00e7\u00e3o n\u00ba 036 &#8211; P\u00e1gina 12<\/p><\/div>\n<div id=\"attachment_9383\" style=\"width: 2137px\" class=\"wp-caption alignnone\"><a href=\"https:\/\/correiosulgoiano.com.br\/wp-content\/uploads\/2015\/02\/CORREIO-EDI\u00c7\u00c3O-36-P\u00c1G-13.jpg\"><img aria-describedby=\"caption-attachment-9383\" loading=\"lazy\" class=\"size-full wp-image-9383\" src=\"https:\/\/correiosulgoiano.com.br\/wp-content\/uploads\/2015\/02\/CORREIO-EDI\u00c7\u00c3O-36-P\u00c1G-13.jpg\" alt=\"Edi\u00e7\u00e3o n\u00ba 036 - P\u00e1gina 13\" width=\"2127\" height=\"3158\" srcset=\"https:\/\/correiosulgoiano.com.br\/wp-content\/uploads\/2015\/02\/CORREIO-EDI\u00c7\u00c3O-36-P\u00c1G-13.jpg 2127w, https:\/\/correiosulgoiano.com.br\/wp-content\/uploads\/2015\/02\/CORREIO-EDI\u00c7\u00c3O-36-P\u00c1G-13-202x300.jpg 202w, https:\/\/correiosulgoiano.com.br\/wp-content\/uploads\/2015\/02\/CORREIO-EDI\u00c7\u00c3O-36-P\u00c1G-13-690x1024.jpg 690w\" sizes=\"(max-width: 2127px) 100vw, 2127px\" \/><\/a><p id=\"caption-attachment-9383\" class=\"wp-caption-text\">Edi\u00e7\u00e3o n\u00ba 036 &#8211; P\u00e1gina 13<\/p><\/div>\n<div id=\"attachment_9384\" style=\"width: 2137px\" class=\"wp-caption alignnone\"><a href=\"https:\/\/correiosulgoiano.com.br\/wp-content\/uploads\/2015\/02\/CORREIO-EDI\u00c7\u00c3O-36-P\u00c1G-14.jpg\"><img aria-describedby=\"caption-attachment-9384\" loading=\"lazy\" class=\"size-full wp-image-9384\" src=\"https:\/\/correiosulgoiano.com.br\/wp-content\/uploads\/2015\/02\/CORREIO-EDI\u00c7\u00c3O-36-P\u00c1G-14.jpg\" alt=\"Edi\u00e7\u00e3o n\u00ba 036 - P\u00e1gina 14\" width=\"2127\" height=\"3158\" srcset=\"https:\/\/correiosulgoiano.com.br\/wp-content\/uploads\/2015\/02\/CORREIO-EDI\u00c7\u00c3O-36-P\u00c1G-14.jpg 2127w, https:\/\/correiosulgoiano.com.br\/wp-content\/uploads\/2015\/02\/CORREIO-EDI\u00c7\u00c3O-36-P\u00c1G-14-202x300.jpg 202w, https:\/\/correiosulgoiano.com.br\/wp-content\/uploads\/2015\/02\/CORREIO-EDI\u00c7\u00c3O-36-P\u00c1G-14-690x1024.jpg 690w\" sizes=\"(max-width: 2127px) 100vw, 2127px\" \/><\/a><p id=\"caption-attachment-9384\" class=\"wp-caption-text\">Edi\u00e7\u00e3o n\u00ba 036 &#8211; P\u00e1gina 14<\/p><\/div>\n<div id=\"attachment_9385\" style=\"width: 2136px\" class=\"wp-caption alignnone\"><a href=\"https:\/\/correiosulgoiano.com.br\/wp-content\/uploads\/2015\/02\/CORREIO-EDI\u00c7\u00c3O-36-P\u00c1G-15.jpg\"><img aria-describedby=\"caption-attachment-9385\" loading=\"lazy\" class=\"size-full wp-image-9385\" src=\"https:\/\/correiosulgoiano.com.br\/wp-content\/uploads\/2015\/02\/CORREIO-EDI\u00c7\u00c3O-36-P\u00c1G-15.jpg\" alt=\"Edi\u00e7\u00e3o n\u00ba 036 - P\u00e1gina 15\" width=\"2126\" height=\"3157\" srcset=\"https:\/\/correiosulgoiano.com.br\/wp-content\/uploads\/2015\/02\/CORREIO-EDI\u00c7\u00c3O-36-P\u00c1G-15.jpg 2126w, https:\/\/correiosulgoiano.com.br\/wp-content\/uploads\/2015\/02\/CORREIO-EDI\u00c7\u00c3O-36-P\u00c1G-15-202x300.jpg 202w, https:\/\/correiosulgoiano.com.br\/wp-content\/uploads\/2015\/02\/CORREIO-EDI\u00c7\u00c3O-36-P\u00c1G-15-690x1024.jpg 690w\" sizes=\"(max-width: 2126px) 100vw, 2126px\" \/><\/a><p id=\"caption-attachment-9385\" class=\"wp-caption-text\">Edi\u00e7\u00e3o n\u00ba 036 &#8211; P\u00e1gina 15<\/p><\/div>\n<div id=\"attachment_9386\" style=\"width: 2137px\" class=\"wp-caption alignnone\"><a href=\"https:\/\/correiosulgoiano.com.br\/wp-content\/uploads\/2015\/02\/CORREIO-EDI\u00c7\u00c3O-36-P\u00c1G-16.jpg\"><img aria-describedby=\"caption-attachment-9386\" loading=\"lazy\" class=\"size-full wp-image-9386\" src=\"https:\/\/correiosulgoiano.com.br\/wp-content\/uploads\/2015\/02\/CORREIO-EDI\u00c7\u00c3O-36-P\u00c1G-16.jpg\" alt=\"Edi\u00e7\u00e3o n\u00ba 036 - P\u00e1gina 16\" width=\"2127\" height=\"3158\" srcset=\"https:\/\/correiosulgoiano.com.br\/wp-content\/uploads\/2015\/02\/CORREIO-EDI\u00c7\u00c3O-36-P\u00c1G-16.jpg 2127w, https:\/\/correiosulgoiano.com.br\/wp-content\/uploads\/2015\/02\/CORREIO-EDI\u00c7\u00c3O-36-P\u00c1G-16-202x300.jpg 202w, https:\/\/correiosulgoiano.com.br\/wp-content\/uploads\/2015\/02\/CORREIO-EDI\u00c7\u00c3O-36-P\u00c1G-16-690x1024.jpg 690w\" sizes=\"(max-width: 2127px) 100vw, 2127px\" \/><\/a><p id=\"caption-attachment-9386\" class=\"wp-caption-text\">Edi\u00e7\u00e3o n\u00ba 036 &#8211; P\u00e1gina 16<\/p><\/div>\n","protected":false},"excerpt":{"rendered":"","protected":false},"author":1,"featured_media":0,"parent":0,"menu_order":0,"comment_status":"open","ping_status":"open","template":"","meta":{"spay_email":""},"_links":{"self":[{"href":"https:\/\/correiosulgoiano.com.br\/index.php?rest_route=\/wp\/v2\/pages\/498"}],"collection":[{"href":"https:\/\/correiosulgoiano.com.br\/index.php?rest_route=\/wp\/v2\/pages"}],"about":[{"href":"https:\/\/correiosulgoiano.com.br\/index.php?rest_route=\/wp\/v2\/types\/page"}],"author":[{"embeddable":true,"href":"https:\/\/correiosulgoiano.com.br\/index.php?rest_route=\/wp\/v2\/users\/1"}],"replies":[{"embeddable":true,"href":"https:\/\/correiosulgoiano.com.br\/index.php?rest_route=%2Fwp%2Fv2%2Fcomments&post=498"}],"version-history":[{"count":7,"href":"https:\/\/correiosulgoiano.com.br\/index.php?rest_route=\/wp\/v2\/pages\/498\/revisions"}],"predecessor-version":[{"id":9387,"href":"https:\/\/correiosulgoiano.com.br\/index.php?rest_route=\/wp\/v2\/pages\/498\/revisions\/9387"}],"wp:attachment":[{"href":"https:\/\/correiosulgoiano.com.br\/index.php?rest_route=%2Fwp%2Fv2%2Fmedia&parent=498"}],"curies":[{"name":"wp","href":"https:\/\/api.w.org\/{rel}","templated":true}]}}